{"id":748,"date":"2025-09-08T11:06:03","date_gmt":"2025-09-08T10:06:03","guid":{"rendered":"https:\/\/cdu-beindersheim.de\/?page_id=748"},"modified":"2026-02-25T06:43:19","modified_gmt":"2026-02-25T05:43:19","slug":"startseite","status":"publish","type":"page","link":"https:\/\/cdu-beindersheim.de\/","title":{"rendered":"Startseite"},"content":{"rendered":"<div class=\"wp-block margin-none core-heading\"><div class=\"container\">\n<h2 class=\"wp-block-heading block-layout-margin-none\">Herzlich willkommen!<\/h2>\n<\/div><\/div>\n\n<div id=\"block_6cf35987bf084f4b9536f46425b646f2\" class=\"cdu-block   post_teaser_list\">\n  <header class=\"block-header\">\n    <div class=\"container\">\n      <h2 class=\"title\"><span>Aktuelles<\/span><\/h2>\n    <\/div>\n  <\/header>\n  <div class=\"post-teaser-list post\">\n      <div class=\"post-teasers container\">\n    <div class=\"row\">\n              <article class=\"post-teaser post\" >\n  <div class=\"inner\">\n    <div class=\"meta\">\n      <div class=\"date\">25.02.2026<\/div>\n      <div class=\"categories\"><a href=\"https:\/\/cdu-beindersheim.de\/?cat=10\">Aktuelles<\/a><\/div>\n    <\/div>\n          <div class=\"text\">\n        <div class=\"inner\">\n                      <h3 class=\"title\">Landtagswahl in Rheinland-Pfalz &#8211; Jetzt z\u00e4hlt\u2019s!<\/h3>\n                                <div class=\"text\">Am 22. M\u00e4rz 2026 geht es um die Zukunft von Rheinland-Pfalz &#8211; um unsere Heimat, unsere Gemeinden und unser Zusammenleben. Die CDU steht f\u00fcr Verantwortung, &hellip;<\/div>\n                    <div class=\"cta\">\n            <a href=\"https:\/\/cdu-beindersheim.de\/?p=857\" class=\"btn btn-secondary\">Weiterlesen<\/a>\n          <\/div>\n        <\/div>\n      <\/div>\n        <div class=\"image\">\n      <div class=\"inner\">\n        <a href=\"https:\/\/cdu-beindersheim.de\/?p=857\" class=\"image-link\"><img loading=\"lazy\" decoding=\"async\" width=\"556\" height=\"780\" src=\"https:\/\/cdu-beindersheim.de\/wp-content\/uploads\/2026\/02\/Screenshot-2026-02-25-064906.jpg\" class=\"attachment-post-teaser size-post-teaser\" alt=\"\" srcset=\"https:\/\/cdu-beindersheim.de\/wp-content\/uploads\/2026\/02\/Screenshot-2026-02-25-064906.jpg 556w, https:\/\/cdu-beindersheim.de\/wp-content\/uploads\/2026\/02\/Screenshot-2026-02-25-064906-214x300.jpg 214w\" sizes=\"auto, (max-width: 556px) 100vw, 556px\" \/><\/a>\n      <\/div>\n    <\/div>\n\n  <\/div>\n<\/article>\n              <article class=\"post-teaser post\" >\n  <div class=\"inner\">\n    <div class=\"meta\">\n      <div class=\"date\">31.01.2026<\/div>\n      <div class=\"categories\"><a href=\"https:\/\/cdu-beindersheim.de\/?cat=10\">Aktuelles<\/a><a href=\"https:\/\/cdu-beindersheim.de\/?tag=fuerbeindersheim\">f\u00fcrbeindersheim<\/a><\/div>\n    <\/div>\n          <div class=\"text\">\n        <div class=\"inner\">\n                      <h3 class=\"title\">Heringsessen am Aschermittwoch<\/h3>\n                                <div class=\"text\">Wir laden herzlich zum Heringsessen am Aschermittwoch ein! Gemeinsam mit den Landfrauen Beindersheim freuen wir uns, Sie am\u00a0Mittwoch, den 18. Februar, ab 18:00 Uhr\u00a0im\u00a0Prot. Gemeindehaus &hellip;<\/div>\n                    <div class=\"cta\">\n            <a href=\"https:\/\/cdu-beindersheim.de\/?p=831\" class=\"btn btn-secondary\">Weiterlesen<\/a>\n          <\/div>\n        <\/div>\n      <\/div>\n        <div class=\"image\">\n      <div class=\"inner\">\n        <a href=\"https:\/\/cdu-beindersheim.de\/?p=831\" class=\"image-link\"><img loading=\"lazy\" decoding=\"async\" width=\"1024\" height=\"1536\" src=\"https:\/\/cdu-beindersheim.de\/wp-content\/uploads\/2026\/01\/Einladung.png\" class=\"attachment-post-teaser size-post-teaser\" alt=\"\" srcset=\"https:\/\/cdu-beindersheim.de\/wp-content\/uploads\/2026\/01\/Einladung.png 1024w, https:\/\/cdu-beindersheim.de\/wp-content\/uploads\/2026\/01\/Einladung-200x300.png 200w, https:\/\/cdu-beindersheim.de\/wp-content\/uploads\/2026\/01\/Einladung-683x1024.png 683w, https:\/\/cdu-beindersheim.de\/wp-content\/uploads\/2026\/01\/Einladung-768x1152.png 768w\" sizes=\"auto, (max-width: 1024px) 100vw, 1024px\" \/><\/a>\n      <\/div>\n    <\/div>\n\n  <\/div>\n<\/article>\n              <article class=\"post-teaser post\" >\n  <div class=\"inner\">\n    <div class=\"meta\">\n      <div class=\"date\">17.12.2025<\/div>\n      <div class=\"categories\"><a href=\"https:\/\/cdu-beindersheim.de\/?cat=10\">Aktuelles<\/a><a href=\"https:\/\/cdu-beindersheim.de\/?tag=fuerbeindersheim\">f\u00fcrbeindersheim<\/a><\/div>\n    <\/div>\n          <div class=\"text\">\n        <div class=\"inner\">\n                      <h3 class=\"title\">M\u00e4rchenfiguren im Schlittweg: Tradition erfolgreich bewahrt<\/h3>\n                                <div class=\"text\">Die M\u00e4rchenfiguren auf der Gr\u00fcnanlage im Schlittweg, direkt gegen\u00fcber der Grundschule, geh\u00f6ren seit vielen Jahren fest zum vorweihnachtlichen Bild unserer Gemeinde Beindersheim. F\u00fcr viele B\u00fcrgerinnen &hellip;<\/div>\n                    <div class=\"cta\">\n            <a href=\"https:\/\/cdu-beindersheim.de\/?p=798\" class=\"btn btn-secondary\">Weiterlesen<\/a>\n          <\/div>\n        <\/div>\n      <\/div>\n        <div class=\"image\">\n      <div class=\"inner\">\n        <a href=\"https:\/\/cdu-beindersheim.de\/?p=798\" class=\"image-link\"><img loading=\"lazy\" decoding=\"async\" width=\"1920\" height=\"2560\" src=\"https:\/\/cdu-beindersheim.de\/wp-content\/uploads\/2025\/12\/20251129_104245-scaled.jpg\" class=\"attachment-post-teaser size-post-teaser\" alt=\"\" srcset=\"https:\/\/cdu-beindersheim.de\/wp-content\/uploads\/2025\/12\/20251129_104245-scaled.jpg 1920w, https:\/\/cdu-beindersheim.de\/wp-content\/uploads\/2025\/12\/20251129_104245-225x300.jpg 225w, https:\/\/cdu-beindersheim.de\/wp-content\/uploads\/2025\/12\/20251129_104245-768x1024.jpg 768w, https:\/\/cdu-beindersheim.de\/wp-content\/uploads\/2025\/12\/20251129_104245-1152x1536.jpg 1152w, https:\/\/cdu-beindersheim.de\/wp-content\/uploads\/2025\/12\/20251129_104245-1536x2048.jpg 1536w\" sizes=\"auto, (max-width: 1920px) 100vw, 1920px\" \/><\/a>\n      <\/div>\n    <\/div>\n\n  <\/div>\n<\/article>\n          <\/div>\n          <div class=\"post-archive-link\">\n        <a href=\"https:\/\/cdu-beindersheim.de\/\">Alle Beitr\u00e4ge<\/a>\n      <\/div>\n      <\/div>\n<\/div>\n<\/div>\n\n\n<div id=\"block_8627a2a3b2bf9bfb5881b8b934b42ef7\" class=\"cdu-block  margin-none post_teaser_list\">\n  <header class=\"block-header\">\n    <div class=\"container\">\n      <h2 class=\"title\"><span>Termine<\/span><\/h2>\n    <\/div>\n  <\/header>\n  <div class=\"post-teaser-list \">\n      <div class=\"post-teasers container\">\n    <div class=\"row\">\n          <\/div>\n          <div class=\"post-archive-link\">\n        <a href=\"https:\/\/cdu-beindersheim.de\/?page_id=425\">Alle Termine<\/a>\n      <\/div>\n      <\/div>\n<\/div>\n<\/div>\n","protected":false},"excerpt":{"rendered":"<p>Herzlich willkommen!<\/p>\n","protected":false},"author":1,"featured_media":0,"parent":0,"menu_order":0,"comment_status":"closed","ping_status":"closed","template":"","meta":{"_acf_changed":false,"footnotes":""},"class_list":["post-748","page","type-page","status-publish","hentry"],"acf":[],"_links":{"self":[{"href":"https:\/\/cdu-beindersheim.de\/index.php?rest_route=\/wp\/v2\/pages\/748","targetHints":{"allow":["GET"]}}],"collection":[{"href":"https:\/\/cdu-beindersheim.de\/index.php?rest_route=\/wp\/v2\/pages"}],"about":[{"href":"https:\/\/cdu-beindersheim.de\/index.php?rest_route=\/wp\/v2\/types\/page"}],"author":[{"embeddable":true,"href":"https:\/\/cdu-beindersheim.de\/index.php?rest_route=\/wp\/v2\/users\/1"}],"replies":[{"embeddable":true,"href":"https:\/\/cdu-beindersheim.de\/index.php?rest_route=%2Fwp%2Fv2%2Fcomments&post=748"}],"version-history":[{"count":26,"href":"https:\/\/cdu-beindersheim.de\/index.php?rest_route=\/wp\/v2\/pages\/748\/revisions"}],"predecessor-version":[{"id":856,"href":"https:\/\/cdu-beindersheim.de\/index.php?rest_route=\/wp\/v2\/pages\/748\/revisions\/856"}],"wp:attachment":[{"href":"https:\/\/cdu-beindersheim.de\/index.php?rest_route=%2Fwp%2Fv2%2Fmedia&parent=748"}],"curies":[{"name":"wp","href":"https:\/\/api.w.org\/{rel}","templated":true}]}}